{"id":8627,"date":"2023-07-16T13:03:35","date_gmt":"2023-07-16T11:03:35","guid":{"rendered":"https:\/\/www.harelbocobza.com\/founder\/"},"modified":"2023-08-24T21:24:58","modified_gmt":"2023-08-24T19:24:58","slug":"founder","status":"publish","type":"page","link":"https:\/\/www.harelbocobza.com\/pt-br\/founder\/","title":{"rendered":"Founder"},"content":{"rendered":"\t\t<div data-elementor-type=\"wp-page\" data-elementor-id=\"8627\" class=\"elementor elementor-8627 elementor-2398\" data-elementor-post-type=\"page\">\n\t\t\t\t<div class=\"elementor-element elementor-element-9b614c4 e-flex e-con-boxed e-con e-parent\" data-id=\"9b614c4\" data-element_type=\"container\">\n\t\t\t\t\t<div class=\"e-con-inner\">\n\t\t<div class=\"elementor-element elementor-element-df90da6 e-con-full e-flex e-con e-parent\" data-id=\"df90da6\" data-element_type=\"container\">\n\t\t\t\t<div class=\"elementor-element elementor-element-3771b99 elementor-widget elementor-widget-heading\" data-id=\"3771b99\" data-element_type=\"widget\" data-widget_type=\"heading.default\">\n\t\t\t\t<div class=\"elementor-widget-container\">\n\t\t\t<h2 class=\"elementor-heading-title elementor-size-default\">O Fundador\n<br>\nAvogado Harel Bocobza <\/h2>\t\t<\/div>\n\t\t\t\t<\/div>\n\t\t\t\t<\/div>\n\t\t<div class=\"elementor-element elementor-element-551bdf8 e-con-full e-flex e-con e-parent\" data-id=\"551bdf8\" data-element_type=\"container\">\n\t\t\t\t<div class=\"elementor-element elementor-element-bb4894a elementor-widget elementor-widget-text-editor\" data-id=\"bb4894a\" data-element_type=\"widget\" data-widget_type=\"text-editor.default\">\n\t\t\t\t<div class=\"elementor-widget-container\">\n\t\t\t\t\t\t\t<p>O advogado Harel Zohar Reuben Bocobza, fundador da Bocobza Law, est\u00e1 entre os principais advogados locais e internacionais de neg\u00f3cios e corporativos em Israel e na regi\u00e3o. Ele tem uma forma\u00e7\u00e3o \u00fanica e rica em direito internacional e israelense, consultoria empresarial e tribut\u00e1ria internacional, diplomacia e academia. Com licen\u00e7a para exercer a advocacia no Estado de Nova York e no Estado de Israel, Bocobza tem tr\u00eas t\u00edtulos acad\u00eamicos (LL.B., LL.M., MBA) e algumas certifica\u00e7\u00f5es, graduando-se com altas honras e distin\u00e7\u00f5es por cinco universidades diferentes, dentre as mais prestigiadas e proeminentes do mundo. Al\u00e9m disso, ele tamb\u00e9m cursou o renomado Curso de Cadetes do Minist\u00e9rio das Rela\u00e7\u00f5es Exteriores de Israel (MFA).<\/p><p>Bocobza tem vasta experi\u00eancia em transa\u00e7\u00f5es internacionais e locais. Ele viaja regularmente por todo o mundo, acompanha e trabalha regularmente com clientes, altos executivos e empresas l\u00edderes de Israel e diferentes pa\u00edses, em uma ampla gama de temas comerciais e civis locais e internacionais.<\/p><p>Bocobza j\u00e1 viveu e estudou em diferentes lugares do mundo, incluindo Nova York, Berkeley, Londres e Paris. Al\u00e9m disso, Bocobza tem uma experi\u00eancia profissional no mundo diplom\u00e1tico junto ao Minist\u00e9rio das Rela\u00e7\u00f5es Exteriores, trabalhando com altos diplomatas e oficiais de estado de diversos pa\u00edses, incluindo participa\u00e7\u00e3o em delega\u00e7\u00e3o pol\u00edtica a Berlim, Alemanha.<\/p><p>Antes de estabelecer a Bocobza Law, Harel exerceu advocacia na Yigal Arnon &amp; Co., um escrit\u00f3rio de advocacia israelense de alto n\u00edvel, onde atuou no acompanhamento de transa\u00e7\u00f5es comerciais complexas. Posteriormente, trabalhou no Departamento de Tributa\u00e7\u00e3o Internacional da Ernst &amp; Young por v\u00e1rios anos, onde adquiriu ampla experi\u00eancia em planejamento tribut\u00e1rio internacional e modelagem de estruturas de holding complexas.<\/p><p>Bocobza \u00e9 um entusiasta das belas artes, gastronomia e vinho, esportes, m\u00fasica, cinema, literatura, avia\u00e7\u00e3o, natureza e filosofia, e seu lema \u00e9 &#8220;<em>O mundo est\u00e1 em tr\u00eas pilares: a Tor\u00e1 (moral), trabalho e filantropia<\/em>&#8220;. Pirkei Avot (\u00c9tica dos Pais), Cap\u00edtulo A, Mishn\u00e1 B, Shimon HaTzadik (Os Justos).<\/p>\t\t\t\t\t\t<\/div>\n\t\t\t\t<\/div>\n\t\t\t\t<\/div>\n\t\t<div class=\"elementor-element elementor-element-54819e5 e-con-full e-flex e-con e-parent\" data-id=\"54819e5\" data-element_type=\"container\">\n\t\t\t\t<div class=\"elementor-element elementor-element-c98ea79 elementor-widget elementor-widget-image\" data-id=\"c98ea79\" data-element_type=\"widget\" data-widget_type=\"image.default\">\n\t\t\t\t<div class=\"elementor-widget-container\">\n\t\t\t\t\t\t\t\t\t\t\t\t\t<img fetchpriority=\"high\" decoding=\"async\" width=\"451\" height=\"1000\" src=\"https:\/\/www.harelbocobza.com\/wp-content\/uploads\/2023\/03\/bokovza-black.jpg\" class=\"attachment-large size-large wp-image-2676\" alt=\"\" srcset=\"https:\/\/www.harelbocobza.com\/wp-content\/uploads\/2023\/03\/bokovza-black.jpg 451w, https:\/\/www.harelbocobza.com\/wp-content\/uploads\/2023\/03\/bokovza-black-135x300.jpg 135w\" sizes=\"(max-width: 451px) 100vw, 451px\" \/>\t\t\t\t\t\t\t\t\t\t\t\t\t<\/div>\n\t\t\t\t<\/div>\n\t\t\t\t<\/div>\n\t\t\t\t\t<\/div>\n\t\t\t\t<\/div>\n\t\t<div class=\"elementor-element elementor-element-707504a e-flex e-con-boxed e-con e-parent\" data-id=\"707504a\" data-element_type=\"container\">\n\t\t\t\t\t<div class=\"e-con-inner\">\n\t\t<div class=\"elementor-element elementor-element-2ffb811 e-con-full e-flex e-con e-parent\" data-id=\"2ffb811\" data-element_type=\"container\">\n\t\t\t\t<div class=\"elementor-element elementor-element-1c688e7 elementor-widget elementor-widget-image\" data-id=\"1c688e7\" data-element_type=\"widget\" data-widget_type=\"image.default\">\n\t\t\t\t<div class=\"elementor-widget-container\">\n\t\t\t\t\t\t\t\t\t\t\t\t\t<img decoding=\"async\" width=\"451\" height=\"1000\" src=\"https:\/\/www.harelbocobza.com\/wp-content\/uploads\/2023\/03\/bokovza-gray.jpg\" class=\"attachment-large size-large wp-image-2690\" alt=\"\" srcset=\"https:\/\/www.harelbocobza.com\/wp-content\/uploads\/2023\/03\/bokovza-gray.jpg 451w, https:\/\/www.harelbocobza.com\/wp-content\/uploads\/2023\/03\/bokovza-gray-135x300.jpg 135w\" sizes=\"(max-width: 451px) 100vw, 451px\" \/>\t\t\t\t\t\t\t\t\t\t\t\t\t<\/div>\n\t\t\t\t<\/div>\n\t\t\t\t<\/div>\n\t\t<div class=\"elementor-element elementor-element-98e9787 e-con-full e-flex e-con e-parent\" data-id=\"98e9787\" data-element_type=\"container\">\n\t\t\t\t<div class=\"elementor-element elementor-element-4647dc0 elementor-widget elementor-widget-text-editor\" data-id=\"4647dc0\" data-element_type=\"widget\" data-widget_type=\"text-editor.default\">\n\t\t\t\t<div class=\"elementor-widget-container\">\n\t\t\t\t\t\t\t<p style=\"text-align: center;\"><strong><u>Forma\u00e7\u00e3o<\/u>:<\/strong><\/p><p><strong><u>Organiza\u00e7\u00f5es profissionais<\/u><\/strong><strong>:<\/strong><\/p><ul><li>Ordem de advogados do Estado de <strong>Nova York<\/strong><\/li><li>Ordem de advogados do Estado de<strong> Israel<\/strong><\/li><li><strong>Berkeley Global Society<\/strong><\/li><\/ul><p>\u00a0<\/p><p><strong><u>Educa\u00e7\u00e3o<\/u><\/strong>:<\/p><p><strong>LL.M. &#8211; Universidade da Calif\u00f3rnia, Berkeley, Faculdade de Direito, <em>Summa Cum Laude<\/em>, Dean&#8217;s Honor List<\/strong><\/p><ul><li><strong>Certificado de especializa\u00e7\u00e3o<\/strong>: Direito Digital, com \u00eanfase em PI, Tecnologia, Inova\u00e7\u00e3o, Blockchain, Ciberseguran\u00e7a, Prote\u00e7\u00e3o de Dados e Privacidade.<\/li><\/ul><ul><li><strong>Certificado de especializa\u00e7\u00e3o<\/strong>: Direito Empresarial, com foco em VC, M&amp;A, Transa\u00e7\u00f5es Internacionais, Arbitragem Internacional, Mercado de Capitais e Societ\u00e1rio.<\/li><li>Benefici\u00e1rio da bolsa de estudos por m\u00e9rito &#8220;<strong>Global Reach<\/strong>&#8221;.<\/li><\/ul><p>\u00a0<\/p><p><strong>LL.B. &#8211; Universidade Hebraica de Jerusal\u00e9m, Faculdade de Direito, <em>Magna Cum Laude<\/em> <\/strong>&#8211; Especializa\u00e7\u00e3o em Direito Empresarial, Societ\u00e1rio, Contratual, Tribut\u00e1rio, PI e Tecnologia; Os estudos inclu\u00edram:<\/p><ul><li>Interc\u00e2mbio acad\u00eamico de 1 (um) ano no <strong>Centro de Estudo Jur\u00eddicos Transnacionais da Faculdade de Direito da Universidade de Georgetown<\/strong>, (cursado em Londres, Reino Unido) &#8211; Especializa\u00e7\u00e3o em Neg\u00f3cios Transnacionais e Comparados, Direito Societ\u00e1rio, Contratos e Tecnologia; Benefici\u00e1rio de bolsa de estudo por m\u00e9rito.<\/li><\/ul><p>\u00a0<\/p><p><strong>M.B.A. &#8211; Universidade Hebraica de Jerusal\u00e9m, Escola de Administra\u00e7\u00e3o de Empresas, <em>Magna Cum Laude<\/em> <\/strong>&#8211; Especializa\u00e7\u00e3o em Finan\u00e7as, Banking, Tecnologia, Inova\u00e7\u00e3o e Gest\u00e3o de Projetos; Os estudos inclu\u00edram:<\/p><ul><li>Um instituto de inverno na <strong>Universidade da Calif\u00f3rnia, S\u00e3o Diego, Escola Rady de Administra\u00e7\u00e3o<\/strong> &#8211; Especializa\u00e7\u00e3o em VC, Empreendedorismo, Aceleradoras, Incubadoras, Startups, Tecnologia e Inova\u00e7\u00e3o; Benefici\u00e1rio de bolsa de estudo por m\u00e9rito.<\/li><li>Interc\u00e2mbio acad\u00eamico de 1 (um) ano na <strong>Sciences Po Paris, Escola de Gest\u00e3o e Inova\u00e7\u00e3o<\/strong> &#8211; Especializa\u00e7\u00e3o em Finan\u00e7as, Estrat\u00e9gia Empresarial, Gest\u00e3o de Projetos, Inova\u00e7\u00e3o e Empreendedorismo; Benefici\u00e1rio de bolsa de estudo por m\u00e9rito.<\/li><\/ul><p>\u00a0<\/p><p>37\u00ba<strong> Curso de Cadetes Diplom\u00e1ticos, Minist\u00e9rio das Rela\u00e7\u00f5es Exteriores, Jerusal\u00e9m, Israel<\/strong> (25\/5000 candidatos)<\/p><p><strong><u>L\u00ednguas<\/u><\/strong><\/p><p>Hebraico, Ingl\u00eas, Franc\u00eas, Espanhol (b\u00e1sico), Italiano (b\u00e1sico) e Arabe (b\u00e1sico)<\/p>\t\t\t\t\t\t<\/div>\n\t\t\t\t<\/div>\n\t\t\t\t<\/div>\n\t\t\t\t\t<\/div>\n\t\t\t\t<\/div>\n\t\t\t\t<\/div>\n\t\t","protected":false},"excerpt":{"rendered":"<p>O Fundador Avogado Harel Bocobza O advogado Harel Zohar Reuben Bocobza, fundador da Bocobza Law, est\u00e1 entre os principais advogados locais e internacionais de neg\u00f3cios e corporativos em Israel e na regi\u00e3o. Ele tem uma forma\u00e7\u00e3o \u00fanica e rica em direito internacional e israelense, consultoria empresarial e tribut\u00e1ria internacional, diplomacia e academia. Com licen\u00e7a para [&hellip;]<\/p>\n","protected":false},"author":1,"featured_media":0,"parent":0,"menu_order":0,"comment_status":"closed","ping_status":"closed","template":"","meta":{"footnotes":""},"class_list":["post-8627","page","type-page","status-publish","hentry"],"_links":{"self":[{"href":"https:\/\/www.harelbocobza.com\/pt-br\/wp-json\/wp\/v2\/pages\/8627","targetHints":{"allow":["GET"]}}],"collection":[{"href":"https:\/\/www.harelbocobza.com\/pt-br\/wp-json\/wp\/v2\/pages"}],"about":[{"href":"https:\/\/www.harelbocobza.com\/pt-br\/wp-json\/wp\/v2\/types\/page"}],"author":[{"embeddable":true,"href":"https:\/\/www.harelbocobza.com\/pt-br\/wp-json\/wp\/v2\/users\/1"}],"replies":[{"embeddable":true,"href":"https:\/\/www.harelbocobza.com\/pt-br\/wp-json\/wp\/v2\/comments?post=8627"}],"version-history":[{"count":0,"href":"https:\/\/www.harelbocobza.com\/pt-br\/wp-json\/wp\/v2\/pages\/8627\/revisions"}],"wp:attachment":[{"href":"https:\/\/www.harelbocobza.com\/pt-br\/wp-json\/wp\/v2\/media?parent=8627"}],"curies":[{"name":"wp","href":"https:\/\/api.w.org\/{rel}","templated":true}]}}