{"id":8425,"date":"2023-07-16T12:50:36","date_gmt":"2023-07-16T10:50:36","guid":{"rendered":"https:\/\/www.harelbocobza.com\/global-reach\/"},"modified":"2023-10-01T20:15:28","modified_gmt":"2023-10-01T18:15:28","slug":"global-reach","status":"publish","type":"page","link":"https:\/\/www.harelbocobza.com\/es\/global-reach\/","title":{"rendered":"Global Reach"},"content":{"rendered":"\t\t<div data-elementor-type=\"wp-page\" data-elementor-id=\"8425\" class=\"elementor elementor-8425 elementor-7327\" data-elementor-post-type=\"page\">\n\t\t\t\t<div class=\"elementor-element elementor-element-ff519ca e-con-full elementor-hidden-tablet elementor-hidden-mobile elementor-hidden-desktop e-flex e-con e-parent\" data-id=\"ff519ca\" data-element_type=\"container\">\n\t\t\t\t<div class=\"elementor-element elementor-element-77df910 elementor--h-position-center elementor--v-position-middle elementor-arrows-position-inside elementor-widget elementor-widget-slides\" data-id=\"77df910\" data-element_type=\"widget\" data-settings=\"{&quot;navigation&quot;:&quot;arrows&quot;,&quot;autoplay_speed&quot;:10000,&quot;autoplay&quot;:&quot;yes&quot;,&quot;pause_on_hover&quot;:&quot;yes&quot;,&quot;pause_on_interaction&quot;:&quot;yes&quot;,&quot;infinite&quot;:&quot;yes&quot;,&quot;transition&quot;:&quot;slide&quot;,&quot;transition_speed&quot;:500}\" data-widget_type=\"slides.default\">\n\t\t\t\t<div class=\"elementor-widget-container\">\n\t\t\t\t\t<div class=\"elementor-swiper\">\n\t\t\t<div class=\"elementor-slides-wrapper elementor-main-swiper swiper\" dir=\"ltr\" data-animation=\"fadeInUp\">\n\t\t\t\t<div class=\"swiper-wrapper elementor-slides\">\n\t\t\t\t\t\t\t\t\t\t<div class=\"elementor-repeater-item-2a32fdd swiper-slide\"><div class=\"swiper-slide-bg\" role=\"img\"><\/div><div class=\"swiper-slide-inner\" ><div class=\"swiper-slide-contents\"><div class=\"elementor-slide-description\"><p><b><b>From Israel To The World<br \/>\nFrom The World To Israel<\/b><\/p>\n<\/div><\/div><\/div><\/div><div class=\"elementor-repeater-item-31e765a swiper-slide\"><div class=\"swiper-slide-bg\" role=\"img\"><\/div><div class=\"swiper-slide-inner\" ><div class=\"swiper-slide-contents\"><div class=\"elementor-slide-description\"><p><B><b>Love &amp; Business <\/b><\/p>\n<\/div><\/div><\/div><\/div><div class=\"elementor-repeater-item-0971c97 swiper-slide\"><div class=\"swiper-slide-bg\" role=\"img\"><\/div><div class=\"swiper-slide-inner\" ><div class=\"swiper-slide-contents\"><div class=\"elementor-slide-description\"><p><b><b>From Israel To The World<br \/>\nFrom The World To Israel<\/b><\/p>\n<\/div><\/div><\/div><\/div><div class=\"elementor-repeater-item-1f98992 swiper-slide\"><div class=\"swiper-slide-bg\" role=\"img\"><\/div><div class=\"swiper-slide-inner\" ><div class=\"swiper-slide-contents\"><\/div><\/div><\/div><div class=\"elementor-repeater-item-22b7ad1 swiper-slide\"><div class=\"swiper-slide-bg\" role=\"img\"><\/div><div class=\"swiper-slide-inner\" ><div class=\"swiper-slide-contents\"><div class=\"elementor-slide-description\"><p><b><b>Connecting Worlds For You <\/b><\/p>\n<\/div><\/div><\/div><\/div><div class=\"elementor-repeater-item-33aeb4f swiper-slide\"><div class=\"swiper-slide-bg\" role=\"img\"><\/div><div class=\"swiper-slide-inner\" ><div class=\"swiper-slide-contents\"><div class=\"elementor-slide-description\"><p><b><b>Invest in Jerusalem<br \/> Golden Real-Estate <\/b><\/p>\n<\/div><\/div><\/div><\/div><div class=\"elementor-repeater-item-39b217f swiper-slide\"><div class=\"swiper-slide-bg\" role=\"img\"><\/div><div class=\"swiper-slide-inner\" ><div class=\"swiper-slide-contents\"><div class=\"elementor-slide-description\"><p><b><b>Israel<br \/>\nFrom Nothing<br \/>\n To Everything<\/b><\/p>\n<\/div><\/div><\/div><\/div><div class=\"elementor-repeater-item-72041f0 swiper-slide\"><div class=\"swiper-slide-bg\" role=\"img\"><\/div><div class=\"swiper-slide-inner\" ><div class=\"swiper-slide-contents\"><div class=\"elementor-slide-description\"><p><b><b>From Israel To The World<br \/>\nFrom The World To Israel<\/b><\/p>\n<\/div><\/div><\/div><\/div><div class=\"elementor-repeater-item-dd65aee swiper-slide\"><div class=\"swiper-slide-bg\" role=\"img\"><\/div><div class=\"swiper-slide-inner\" ><div class=\"swiper-slide-contents\"><div class=\"elementor-slide-description\"><p><b><b>INNOVATION LEADER<\/b><\/p>\n<\/div><\/div><\/div><\/div><div class=\"elementor-repeater-item-caee6bf swiper-slide\"><div class=\"swiper-slide-bg\" role=\"img\"><\/div><div class=\"swiper-slide-inner\" ><div class=\"swiper-slide-contents\"><\/div><\/div><\/div><div class=\"elementor-repeater-item-2498143 swiper-slide\"><div class=\"swiper-slide-bg\" role=\"img\"><\/div><div class=\"swiper-slide-inner\" ><div class=\"swiper-slide-contents\"><div class=\"elementor-slide-description\"><p><b>From Israel To The World<br \/>\nFrom The World To Israel<\/b><\/p>\n<\/div><\/div><\/div><\/div>\t\t\t\t<\/div>\n\t\t\t\t\t\t\t\t\t\t\t\t\t\t\t\t\t\t\t\t<div class=\"elementor-swiper-button elementor-swiper-button-prev\" role=\"button\" tabindex=\"0\">\n\t\t\t\t\t\t\t<i aria-hidden=\"true\" class=\"eicon-chevron-left\"><\/i>\t\t\t\t\t\t\t<span class=\"elementor-screen-only\">Diapositiva anterior<\/span>\n\t\t\t\t\t\t<\/div>\n\t\t\t\t\t\t<div class=\"elementor-swiper-button elementor-swiper-button-next\" role=\"button\" tabindex=\"0\">\n\t\t\t\t\t\t\t<i aria-hidden=\"true\" class=\"eicon-chevron-right\"><\/i>\t\t\t\t\t\t\t<span class=\"elementor-screen-only\">Diapositiva siguiente<\/span>\n\t\t\t\t\t\t<\/div>\n\t\t\t\t\t\t\t\t\t\t\t\t<\/div>\n\t\t<\/div>\n\t\t\t\t<\/div>\n\t\t\t\t<\/div>\n\t\t\t\t<\/div>\n\t\t<div class=\"elementor-element elementor-element-169331f e-con-full elementor-hidden-desktop elementor-hidden-tablet elementor-hidden-mobile e-flex e-con e-parent\" data-id=\"169331f\" data-element_type=\"container\">\n\t\t\t\t<div class=\"elementor-element elementor-element-08557d4 elementor-widget-mobile__width-initial elementor--h-position-center elementor--v-position-middle elementor-widget elementor-widget-slides\" data-id=\"08557d4\" data-element_type=\"widget\" data-settings=\"{&quot;navigation&quot;:&quot;none&quot;,&quot;autoplay_speed&quot;:10000,&quot;autoplay&quot;:&quot;yes&quot;,&quot;infinite&quot;:&quot;yes&quot;,&quot;transition&quot;:&quot;slide&quot;,&quot;transition_speed&quot;:500}\" data-widget_type=\"slides.default\">\n\t\t\t\t<div class=\"elementor-widget-container\">\n\t\t\t\t\t<div class=\"elementor-swiper\">\n\t\t\t<div class=\"elementor-slides-wrapper elementor-main-swiper swiper\" dir=\"ltr\" data-animation=\"fadeInUp\">\n\t\t\t\t<div class=\"swiper-wrapper elementor-slides\">\n\t\t\t\t\t\t\t\t\t\t<div class=\"elementor-repeater-item-0971c97 swiper-slide\"><div class=\"swiper-slide-bg\" role=\"img\"><\/div><div class=\"swiper-slide-inner\" ><div class=\"swiper-slide-contents\"><div class=\"elementor-slide-description\"><p><b>From Israel<br \/>\nTo The World<br \/>\nFrom The World<br \/>\nTo Israel<\/b><\/p>\n<\/div><\/div><\/div><\/div><div class=\"elementor-repeater-item-c03b407 swiper-slide\"><div class=\"swiper-slide-bg\" role=\"img\"><\/div><div class=\"swiper-slide-inner\" ><div class=\"swiper-slide-contents\"><div class=\"elementor-slide-description\"><p><B><b>CONNECTING WORLDS <br \/> FOR YOU<\/b><\/p>\n<\/div><\/div><\/div><\/div><div class=\"elementor-repeater-item-d59793b swiper-slide\"><div class=\"swiper-slide-bg\" role=\"img\"><\/div><div class=\"swiper-slide-inner\" ><div class=\"swiper-slide-contents\"><div class=\"elementor-slide-description\"><p><B><b>INVEST IN ISRAEL<br \/> AGRICULTURE<br \/>TECHNOLOGY<\/b><\/p>\n<\/div><\/div><\/div><\/div><div class=\"elementor-repeater-item-fb0516a swiper-slide\"><div class=\"swiper-slide-bg\" role=\"img\"><\/div><div class=\"swiper-slide-inner\" ><div class=\"swiper-slide-contents\"><div class=\"elementor-slide-description\"><p><b><b>RELAX<\/p>\n<p>WE ARE ON IT<\/b><\/p>\n<\/div><\/div><\/div><\/div><div class=\"elementor-repeater-item-921902d swiper-slide\"><div class=\"swiper-slide-bg\" role=\"img\"><\/div><div class=\"swiper-slide-inner\" ><div class=\"swiper-slide-contents\"><div class=\"elementor-slide-description\"><p><b>JERUSALEM<br \/>\nGOLDEN<br \/>\nREAL ESTATE<\/b><\/p>\n<\/div><\/div><\/div><\/div><div class=\"elementor-repeater-item-d7ebb04 swiper-slide\"><div class=\"swiper-slide-bg\" role=\"img\"><\/div><div class=\"swiper-slide-inner\" ><div class=\"swiper-slide-contents\"><div class=\"elementor-slide-description\"><p><b><b>Piano Piano<\/b><\/p>\n<\/div><\/div><\/div><\/div><div class=\"elementor-repeater-item-056f043 swiper-slide\"><div class=\"swiper-slide-bg\" role=\"img\"><\/div><div class=\"swiper-slide-inner\" ><div class=\"swiper-slide-contents\"><div class=\"elementor-slide-description\"><p><b><b>Love &amp; Business <\/b><\/p>\n<\/div><\/div><\/div><\/div><div class=\"elementor-repeater-item-c0f5c34 swiper-slide\"><div class=\"swiper-slide-bg\" role=\"img\"><\/div><div class=\"swiper-slide-inner\" ><div class=\"swiper-slide-contents\"><div class=\"elementor-slide-description\"><p><b>From Israel<br \/>\nTo The World<br \/>\nFrom The World<br \/>\nTo Israel<\/b><\/p>\n<\/div><\/div><\/div><\/div><div class=\"elementor-repeater-item-2ca1a92 swiper-slide\"><div class=\"swiper-slide-bg\" role=\"img\"><\/div><div class=\"swiper-slide-inner\" ><div class=\"swiper-slide-contents\"><\/div><\/div><\/div><div class=\"elementor-repeater-item-964bd39 swiper-slide\"><div class=\"swiper-slide-bg\" role=\"img\"><\/div><div class=\"swiper-slide-inner\" ><div class=\"swiper-slide-contents\"><\/div><\/div><\/div><div class=\"elementor-repeater-item-a338731 swiper-slide\"><div class=\"swiper-slide-bg\" role=\"img\"><\/div><div class=\"swiper-slide-inner\" ><div class=\"swiper-slide-contents\"><\/div><\/div><\/div><div class=\"elementor-repeater-item-31aaa57 swiper-slide\"><div class=\"swiper-slide-bg\" role=\"img\"><\/div><div class=\"swiper-slide-inner\" ><div class=\"swiper-slide-contents\"><\/div><\/div><\/div>\t\t\t\t<\/div>\n\t\t\t\t\t\t\t\t\t\t\t\t\t\t\t\t\t\t\t\t\t<\/div>\n\t\t<\/div>\n\t\t\t\t<\/div>\n\t\t\t\t<\/div>\n\t\t\t\t<\/div>\n\t\t<div class=\"elementor-element elementor-element-57d2357 e-flex e-con-boxed e-con e-parent\" data-id=\"57d2357\" data-element_type=\"container\">\n\t\t\t\t\t<div class=\"e-con-inner\">\n\t\t<div class=\"elementor-element elementor-element-05092c7 e-flex e-con-boxed e-con e-child\" data-id=\"05092c7\" data-element_type=\"container\">\n\t\t\t\t\t<div class=\"e-con-inner\">\n\t\t<div class=\"elementor-element elementor-element-cd7051c e-con-full e-flex e-con e-child\" data-id=\"cd7051c\" data-element_type=\"container\">\n\t\t\t\t<div class=\"elementor-element elementor-element-f9b2bfc elementor-widget elementor-widget-image\" data-id=\"f9b2bfc\" data-element_type=\"widget\" data-widget_type=\"image.default\">\n\t\t\t\t<div class=\"elementor-widget-container\">\n\t\t\t\t\t\t\t\t\t\t\t\t\t<img fetchpriority=\"high\" decoding=\"async\" width=\"360\" height=\"360\" src=\"https:\/\/www.harelbocobza.com\/wp-content\/uploads\/2023\/10\/GIF-GLOBE-LONG-VERSION-30-SEC-min.gif\" class=\"attachment-large size-large wp-image-12663\" alt=\"\" \/>\t\t\t\t\t\t\t\t\t\t\t\t\t<\/div>\n\t\t\t\t<\/div>\n\t\t\t\t<div class=\"elementor-element elementor-element-7e1c8b6 elementor-hidden-desktop elementor-hidden-tablet elementor-hidden-mobile elementor-widget elementor-widget-video\" data-id=\"7e1c8b6\" data-element_type=\"widget\" data-settings=\"{&quot;video_type&quot;:&quot;hosted&quot;,&quot;autoplay&quot;:&quot;yes&quot;,&quot;play_on_mobile&quot;:&quot;yes&quot;,&quot;mute&quot;:&quot;yes&quot;,&quot;loop&quot;:&quot;yes&quot;}\" data-widget_type=\"video.default\">\n\t\t\t\t<div class=\"elementor-widget-container\">\n\t\t\t\t\t<div class=\"e-hosted-video elementor-wrapper elementor-open-inline\">\n\t\t\t\t\t<video class=\"elementor-video\" src=\"http:\/\/harelbocobza.com\/wp-content\/uploads\/2023\/06\/Sequence-01-1-unscreen.gif\" autoplay=\"\" loop=\"\" muted=\"muted\" playsinline=\"\" controlsList=\"nodownload\"><\/video>\n\t\t\t\t<\/div>\n\t\t\t\t<\/div>\n\t\t\t\t<\/div>\n\t\t\t\t<\/div>\n\t\t<div class=\"elementor-element elementor-element-6aa387b e-con-full e-flex e-con e-child\" data-id=\"6aa387b\" data-element_type=\"container\">\n\t\t\t\t<div class=\"elementor-element elementor-element-593e869 elementor-widget-divider--view-line_text elementor-widget-divider--element-align-left elementor-widget elementor-widget-divider\" data-id=\"593e869\" data-element_type=\"widget\" data-widget_type=\"divider.default\">\n\t\t\t\t<div class=\"elementor-widget-container\">\n\t\t\t\t\t<div class=\"elementor-divider\">\n\t\t\t<span class=\"elementor-divider-separator\">\n\t\t\t\t\t\t\t<h2 class=\"elementor-divider__text elementor-divider__element\">\n\t\t\t\tAlcance Global\t\t\t\t<\/h2>\n\t\t\t\t\t\t<\/span>\n\t\t<\/div>\n\t\t\t\t<\/div>\n\t\t\t\t<\/div>\n\t\t\t\t<div class=\"elementor-element elementor-element-70c6f08 elementor-widget elementor-widget-html\" data-id=\"70c6f08\" data-element_type=\"widget\" data-widget_type=\"html.default\">\n\t\t\t\t<div class=\"elementor-widget-container\">\n\t\t\t\r\n<div id=\"firstDiv2\">\r\nBocobza Law, como una de las principales firmas de abogados israel\u00edes e internacionales, brinda servicios legales y comerciales en muchos pa\u00edses del mundo. La firma colabora con abogados profesionales altamente calificados que operan en diferentes jurisdicciones en todo el mundo, que ayudan a nuestros clientes a cumplir sus objetivos legales y comerciales, por complejos e internacionales que sean.\r\n    <br><br>\r\nLa reputaci\u00f3n de excelencia de la firma y su amplia experiencia internacional y local le permiten servir como una puerta de enlace bidireccional para sus clientes: llevar a sus clientes israel\u00edes a todo el mundo, mientras apoya de cerca a sus clientes internacionales en Israel, todo lo cual se hace con un profundo conocimiento y comprensi\u00f3n. de los mercados y culturas locales e internacionales.\r\n    <br><br>\r\nBocobza Law funciona como un centro de negocios internacional para sus clientes y fomenta las colaboraciones comerciales entre sus clientes y conocidos. Bocobza Law ayuda a sus clientes en su proceso de penetraci\u00f3n en varios mercados alrededor del mundo mientras aprovecha la experiencia \u00fanica de la firma y la amplia red con actores clave en diferentes industrias, especialmente en los ecosistemas de tecnolog\u00eda y capital de riesgo en Israel y en todo el mundo, Finanzas, Energ\u00eda, Recursos Naturales , Importaci\u00f3n y Exportaci\u00f3n, Moda, Deporte, Cannabis Medicinal y Bienes Ra\u00edces, as\u00ed como en el mundo Pol\u00edtico y Diplom\u00e1tico Internacional.\r\n    <br><br>\r\nBocobza Law hace que el mundo entero sea completamente accesible para sus clientes.\r\n\r\n\t\t<\/div>\n\t\t\t\t<\/div>\n\t\t\t\t<\/div>\n\t\t\t\t\t<\/div>\n\t\t\t\t<\/div>\n\t\t\t\t\t<\/div>\n\t\t\t\t<\/div>\n\t\t\t\t<\/div>\n\t\t","protected":false},"excerpt":{"rendered":"<p>From Israel To The World From The World To Israel Love &amp; Business From Israel To The World From The World To Israel Connecting Worlds For You Invest in Jerusalem Golden Real-Estate Israel From Nothing To Everything From Israel To The World From The World To Israel INNOVATION LEADER From Israel To The World From [&hellip;]<\/p>\n","protected":false},"author":4,"featured_media":0,"parent":0,"menu_order":0,"comment_status":"closed","ping_status":"closed","template":"","meta":{"footnotes":""},"class_list":["post-8425","page","type-page","status-publish","hentry"],"_links":{"self":[{"href":"https:\/\/www.harelbocobza.com\/es\/wp-json\/wp\/v2\/pages\/8425","targetHints":{"allow":["GET"]}}],"collection":[{"href":"https:\/\/www.harelbocobza.com\/es\/wp-json\/wp\/v2\/pages"}],"about":[{"href":"https:\/\/www.harelbocobza.com\/es\/wp-json\/wp\/v2\/types\/page"}],"author":[{"embeddable":true,"href":"https:\/\/www.harelbocobza.com\/es\/wp-json\/wp\/v2\/users\/4"}],"replies":[{"embeddable":true,"href":"https:\/\/www.harelbocobza.com\/es\/wp-json\/wp\/v2\/comments?post=8425"}],"version-history":[{"count":0,"href":"https:\/\/www.harelbocobza.com\/es\/wp-json\/wp\/v2\/pages\/8425\/revisions"}],"wp:attachment":[{"href":"https:\/\/www.harelbocobza.com\/es\/wp-json\/wp\/v2\/media?parent=8425"}],"curies":[{"name":"wp","href":"https:\/\/api.w.org\/{rel}","templated":true}]}}