{"id":9023,"date":"2023-07-16T13:27:58","date_gmt":"2023-07-16T11:27:58","guid":{"rendered":"https:\/\/www.harelbocobza.com\/founder\/"},"modified":"2023-08-24T21:40:06","modified_gmt":"2023-08-24T19:40:06","slug":"founder","status":"publish","type":"page","link":"https:\/\/www.harelbocobza.com\/de\/founder\/","title":{"rendered":"Founder"},"content":{"rendered":"\t\t<div data-elementor-type=\"wp-page\" data-elementor-id=\"9023\" class=\"elementor elementor-9023 elementor-2398\" data-elementor-post-type=\"page\">\n\t\t\t\t<div class=\"elementor-element elementor-element-9b614c4 e-flex e-con-boxed e-con e-parent\" data-id=\"9b614c4\" data-element_type=\"container\">\n\t\t\t\t\t<div class=\"e-con-inner\">\n\t\t<div class=\"elementor-element elementor-element-df90da6 e-con-full e-flex e-con e-parent\" data-id=\"df90da6\" data-element_type=\"container\">\n\t\t\t\t<div class=\"elementor-element elementor-element-3771b99 elementor-widget elementor-widget-heading\" data-id=\"3771b99\" data-element_type=\"widget\" data-widget_type=\"heading.default\">\n\t\t\t\t<div class=\"elementor-widget-container\">\n\t\t\t<h2 class=\"elementor-heading-title elementor-size-default\">Der Gr\u00fcnder\n<br>\nRecgtsanwalt Harel Bocobza <\/h2>\t\t<\/div>\n\t\t\t\t<\/div>\n\t\t\t\t<\/div>\n\t\t<div class=\"elementor-element elementor-element-551bdf8 e-con-full e-flex e-con e-parent\" data-id=\"551bdf8\" data-element_type=\"container\">\n\t\t\t\t<div class=\"elementor-element elementor-element-bb4894a elementor-widget elementor-widget-text-editor\" data-id=\"bb4894a\" data-element_type=\"widget\" data-widget_type=\"text-editor.default\">\n\t\t\t\t<div class=\"elementor-widget-container\">\n\t\t\t\t\t\t\t<p>Rechtsanwalt Harel Zohar Reuben Bocobza, Gr\u00fcnder von Bocobza Law, ist einer der f\u00fchrenden lokalen und internationalen Wirtschafts- und Unternehmensanw\u00e4lte in Israel und der Region. Er verf\u00fcgt \u00fcber einen einzigartigen und vielf\u00e4ltigen Hintergrund in internationalem und israelischem Recht, Wirtschafts- und Steuerberatung, Diplomatie und Wissenschaft. Neben der Rechtsanwalts-Zulassung f\u00fcr den Bundesstaat von New York und den Staat Israel, verf\u00fcgt Bocobza \u00fcber drei universit\u00e4re Abschl\u00fcsse (LL.B., LL.M., M.B.A.) und einige Associate Degrees, die er jeweils mit Pr\u00e4dikat und Auszeichnung an f\u00fcnf Universit\u00e4ten, die zu den renommiertesten und bekanntesten der Welt geh\u00f6ren, abgeschlossen hat. Dar\u00fcber hinaus hat er den prestigetr\u00e4chtigen Kadettenkurs des Israelischen Ministeriums f\u00fcr Ausw\u00e4rtige Angelegenheiten (Israeli Ministry of Foreign Affairs (MFA)) abgeschlossen.<\/p><p>Bocobza verf\u00fcgt \u00fcber umfassende Erfahrung mit internationalen und \u00f6rtlichen Transaktionen. Er bereits regelm\u00e4\u00dfig die Welt, begleitet und arbeitet regalm\u00e4\u00dfig mit hoch-angesehenen Mandanten aus Israel und vielen anderen L\u00e4ndern weltweit, mit Gesch\u00e4ftsleuten und f\u00fchrenden Unternehmen, an in einem breiten Spektrum lokaler sowie internationaler Unternehmens- und zivilrechtlicher Angelegenheiten.<\/p><p>Bocobza lebte und arbeitete bereits an diversen Orten der Welt, einschlie\u00dflich New York City, Berkeley, London and Paris. Dar\u00fcber hinaus hat Bocobza Berufserfahrung in der Welt der Diplomatie bei dem MFA, mit hochrangigen Diplomaten und Staatenvertretern verschiedener L\u00e4nder, einschlie\u00dflich der Teilnahme an einer politischen Delegation nach Berlin, Deutschland.<\/p><p>Vor Gr\u00fcndung von Bocobza Law war Harel als Rechtsanwalt bei der Kanzlei Yigal Arnon &amp; Co. t\u00e4tig, einer f\u00fchrenden israelischen Kanzlei, wo er an der Begleitung von komplexen Unternehmens-Transaktionen teilnahm. Sp\u00e4ter arbeitete er f\u00fcr einige Jahre in der Abteilung f\u00fcr Internationales Steuerrecht bei Ernst &amp; Young, wo er vertiefte Erfahrung in der internationalen Steuerplanung und Gestaltung komplexer Holding-Strukturen gewinnen konnte.<\/p><p>Bocobza begeistert sich f\u00fcr die sch\u00f6nen K\u00fcnste, Kochen und Wein, Sport, Musik, Kino, Literatur, Luftfahrt, die Natur und Philosophie, und sein Motto ist \u201c<em>Die Welt steht auf drei Pfeilern<\/em>: <em>die Torah (Moral), Arbeit, und Philanthropie<\/em>&#8220; Pirkei Avot (Spr\u00fcche der V\u00e4ter), Kapitel A, Mishnah B, Shimon HaTzadik (Die Gerechten).<\/p>\t\t\t\t\t\t<\/div>\n\t\t\t\t<\/div>\n\t\t\t\t<\/div>\n\t\t<div class=\"elementor-element elementor-element-54819e5 e-con-full e-flex e-con e-parent\" data-id=\"54819e5\" data-element_type=\"container\">\n\t\t\t\t<div class=\"elementor-element elementor-element-c98ea79 elementor-widget elementor-widget-image\" data-id=\"c98ea79\" data-element_type=\"widget\" data-widget_type=\"image.default\">\n\t\t\t\t<div class=\"elementor-widget-container\">\n\t\t\t\t\t\t\t\t\t\t\t\t\t<img fetchpriority=\"high\" decoding=\"async\" width=\"451\" height=\"1000\" src=\"https:\/\/www.harelbocobza.com\/wp-content\/uploads\/2023\/03\/bokovza-black.jpg\" class=\"attachment-large size-large wp-image-2676\" alt=\"\" srcset=\"https:\/\/www.harelbocobza.com\/wp-content\/uploads\/2023\/03\/bokovza-black.jpg 451w, https:\/\/www.harelbocobza.com\/wp-content\/uploads\/2023\/03\/bokovza-black-135x300.jpg 135w\" sizes=\"(max-width: 451px) 100vw, 451px\" \/>\t\t\t\t\t\t\t\t\t\t\t\t\t<\/div>\n\t\t\t\t<\/div>\n\t\t\t\t<\/div>\n\t\t\t\t\t<\/div>\n\t\t\t\t<\/div>\n\t\t<div class=\"elementor-element elementor-element-707504a e-flex e-con-boxed e-con e-parent\" data-id=\"707504a\" data-element_type=\"container\">\n\t\t\t\t\t<div class=\"e-con-inner\">\n\t\t<div class=\"elementor-element elementor-element-2ffb811 e-con-full e-flex e-con e-parent\" data-id=\"2ffb811\" data-element_type=\"container\">\n\t\t\t\t<div class=\"elementor-element elementor-element-1c688e7 elementor-widget elementor-widget-image\" data-id=\"1c688e7\" data-element_type=\"widget\" data-widget_type=\"image.default\">\n\t\t\t\t<div class=\"elementor-widget-container\">\n\t\t\t\t\t\t\t\t\t\t\t\t\t<img decoding=\"async\" width=\"451\" height=\"1000\" src=\"https:\/\/www.harelbocobza.com\/wp-content\/uploads\/2023\/03\/bokovza-gray.jpg\" class=\"attachment-large size-large wp-image-2690\" alt=\"\" srcset=\"https:\/\/www.harelbocobza.com\/wp-content\/uploads\/2023\/03\/bokovza-gray.jpg 451w, https:\/\/www.harelbocobza.com\/wp-content\/uploads\/2023\/03\/bokovza-gray-135x300.jpg 135w\" sizes=\"(max-width: 451px) 100vw, 451px\" \/>\t\t\t\t\t\t\t\t\t\t\t\t\t<\/div>\n\t\t\t\t<\/div>\n\t\t\t\t<\/div>\n\t\t<div class=\"elementor-element elementor-element-98e9787 e-con-full e-flex e-con e-parent\" data-id=\"98e9787\" data-element_type=\"container\">\n\t\t\t\t<div class=\"elementor-element elementor-element-4647dc0 elementor-widget elementor-widget-text-editor\" data-id=\"4647dc0\" data-element_type=\"widget\" data-widget_type=\"text-editor.default\">\n\t\t\t\t<div class=\"elementor-widget-container\">\n\t\t\t\t\t\t\t<p style=\"text-align: center;\"><strong><u>Credentials:<\/u><\/strong><\/p><p><strong>Professional Organizations: <\/strong><\/p><ul><li>New <strong>York Bar<\/strong><\/li><li><strong>Israel<\/strong> Bar<\/li><li><strong>Berkeley Global Society<\/strong><\/li><\/ul><p>\u00a0<\/p><p><strong>Education<\/strong>:<\/p><p><strong>LL.M. &#8211; University<\/strong> <strong>of<\/strong> <strong>California<\/strong>, <strong>Berkeley<\/strong>, <strong>School<\/strong> <strong>of<\/strong> <strong>Law<\/strong>, <em>Summa Cum Laude<\/em>; Dean&#8217;s Honor List<\/p><ul><li>Certificate of specialization: Technology Law<\/li><li>Certificate of specialization: Business Law<\/li><li>Global Reach merit scholarship recipient<\/li><\/ul><p>\u00a0<\/p><p><strong>LL.B. &#8211; The<\/strong> <strong>Hebrew<\/strong> <strong>University of Jerusalem<\/strong>, <strong>Faculty<\/strong> <strong>of<\/strong> <strong>Law<\/strong>, <em>Magna Cum Laude<\/em> &#8211; Studies included:<\/p><ul><li>A year at <strong>Georgetown Law<\/strong>, a certificate program at the Center for Transnational Legal Studies in collaboration with <strong>King\u2019s<\/strong> <strong>College London<\/strong> &#8211; Full merit scholarship recipient<\/li><\/ul><p>\u00a0<\/p><p><strong>M.B.A. &#8211; The<\/strong> <strong>Hebrew<\/strong> <strong>University of Jerusalem<\/strong>, <strong>School<\/strong> <strong>of<\/strong> <strong>Business<\/strong> <strong>Administration<\/strong>,<em> Magna Cum Laude<\/em> &#8211; Studies included:<\/p><ul><li>A winter institute at<strong> The University<\/strong> <strong>of<\/strong> <strong>California<\/strong>, <strong>San<\/strong> <strong>Diego<\/strong>, <strong>Rady<\/strong> <strong>School<\/strong> <strong>of<\/strong> <strong>Management<\/strong> &#8211; Full merit scholarship recipient<\/li><li>A year at<strong> Sciences<\/strong> <strong>Po<\/strong> <strong>Paris<\/strong>, <strong>School<\/strong> <strong>of<\/strong> <strong>Management<\/strong> <strong>and<\/strong> <strong>Innovation<\/strong> &#8211; Full merit scholarship recipient<\/li><\/ul><p>\u00a0<\/p><p><strong>Political Diplomatic Cadet Course<\/strong>,<strong> Ministry of Foreign Affairs<\/strong>,<strong> Jerusalem<\/strong>,<strong> Israel <\/strong>(25 out of 5,000 candidates)<\/p><p>\u00a0<\/p><p><strong>Languages<\/strong>:<\/p><p>Hebrew (\u05e2\u05d1\u05e8\u05d9\u05ea), English, Fran\u00e7ais, Italiano (basic), Espa\u00f1ol (basic), \u0639\u0631\u0628\u064a\u0647 (Arabic, basic)<\/p>\t\t\t\t\t\t<\/div>\n\t\t\t\t<\/div>\n\t\t\t\t<\/div>\n\t\t\t\t\t<\/div>\n\t\t\t\t<\/div>\n\t\t\t\t<\/div>\n\t\t","protected":false},"excerpt":{"rendered":"<p>Der Gr\u00fcnder Recgtsanwalt Harel Bocobza Rechtsanwalt Harel Zohar Reuben Bocobza, Gr\u00fcnder von Bocobza Law, ist einer der f\u00fchrenden lokalen und internationalen Wirtschafts- und Unternehmensanw\u00e4lte in Israel und der Region. Er verf\u00fcgt \u00fcber einen einzigartigen und vielf\u00e4ltigen Hintergrund in internationalem und israelischem Recht, Wirtschafts- und Steuerberatung, Diplomatie und Wissenschaft. Neben der Rechtsanwalts-Zulassung f\u00fcr den Bundesstaat von [&hellip;]<\/p>\n","protected":false},"author":1,"featured_media":0,"parent":0,"menu_order":0,"comment_status":"closed","ping_status":"closed","template":"","meta":{"footnotes":""},"class_list":["post-9023","page","type-page","status-publish","hentry"],"_links":{"self":[{"href":"https:\/\/www.harelbocobza.com\/de\/wp-json\/wp\/v2\/pages\/9023","targetHints":{"allow":["GET"]}}],"collection":[{"href":"https:\/\/www.harelbocobza.com\/de\/wp-json\/wp\/v2\/pages"}],"about":[{"href":"https:\/\/www.harelbocobza.com\/de\/wp-json\/wp\/v2\/types\/page"}],"author":[{"embeddable":true,"href":"https:\/\/www.harelbocobza.com\/de\/wp-json\/wp\/v2\/users\/1"}],"replies":[{"embeddable":true,"href":"https:\/\/www.harelbocobza.com\/de\/wp-json\/wp\/v2\/comments?post=9023"}],"version-history":[{"count":0,"href":"https:\/\/www.harelbocobza.com\/de\/wp-json\/wp\/v2\/pages\/9023\/revisions"}],"wp:attachment":[{"href":"https:\/\/www.harelbocobza.com\/de\/wp-json\/wp\/v2\/media?parent=9023"}],"curies":[{"name":"wp","href":"https:\/\/api.w.org\/{rel}","templated":true}]}}